{"id":118,"date":"2020-08-24T10:07:10","date_gmt":"2020-08-24T10:07:10","guid":{"rendered":"https:\/\/izemifif.myhostpoint.ch\/campell\/?page_id=118"},"modified":"2021-01-31T17:35:12","modified_gmt":"2021-01-31T17:35:12","slug":"wohnung-seraina","status":"publish","type":"page","link":"https:\/\/chesa-campell-pontresina.ch\/en\/wohnung-seraina\/","title":{"rendered":"Apartment Seraina"},"content":{"rendered":"<h2><a href=\"https:\/\/beaveragency.demos.wpbeaverbuilder.com\/project-page\/\">Up to 8 people<\/a><br>\n<a href=\"https:\/\/beaveragency.demos.wpbeaverbuilder.com\/project-page\/\">Apartment Seraina<\/a><\/h2>\n<h3>\n\t\t<b>Apartment Seraina<\/b> Beautiful first class flat in a historic Engadine patrician house in the old village part of Laret.\n\t<\/h3>\n<h3>\n\t\t<b>Snow-Deal in Winter<\/b> Ski passes for the Upper Engadine cable cars with the dynamic price model <a href=\"\/en\/campell\/en\/&quot;https:\/\/www.engadin.ch\/de\/snow-deal\/&quot;\/\"><\/a>\u00abSnow-deal\u00bb  sind jetzt schon f\u00fcr den Winter mit bis zu 30% Rabatt buchbar, Skipass  kaufen \u00fcber das Internet unter <a href=\"\/en\/campell\/en\/&quot;https:\/\/www.engadin.ch\/de\/snow-deal\/&quot;\/\"><\/a>\u00abSnow-Deal\u00bb. \n\t<\/h3>\n\t<p>Bright spacious fully renovated 4-1\/2-room apartment for 6 to 8 people in the 2nd floor. Floor (138 m2) in a historic Engadine patrician house in the old village Laret with special flair, a north-facing balcony with a view of the Schafberg for shared use, comfortable new furnishings, 3 bedrooms, spacious hallway with ample storage space, 1WC\/bath, 1WC\/shower with washing machine and tumble dryer, eat-in kitchen with comfortable dining area with dishwasher, freezer and fridge, microwave, living room with TV, sleeping coach as an additional bed for 2 persons in the hallway, WLAN in all rooms, children's equipment, library with games, an outdoor parking lot, underground parking in the nearby area bookable, cellar room for skis and bicycles with direct access from the road, bus stop from the ski bus in the immediate vicinity, shops, tourist office and indoor pool within walking distance.<\/p>\n<p>The apartment is completely newly furnished.<\/p>\n<p>The landlord lives in the Chesa Campell and runs a general internal medicine practice in the same house.<\/p>\n<h1>\n\t\tOur offer\n\t<\/h1>\n\t<p>The rental price includes all additional costs such as water, heating, electricity as well as bed linen and towels. There is also a fast internet network with Swisscom Blue TV and free parking in front of the house.<\/p>\n\t\t<h3>Wohn\u00ad\u00adzimmer<\/h3>\t\t\n\t\t\t\t<img decoding=\"async\" src=\"https:\/\/izemifif.myhostpoint.ch\/campell\/wp-content\/uploads\/2020\/09\/Seraina_01_Wohnzimmer-scaled.jpg\" alt=\"Seraina_01_Wohnzimmer\" itemprop=\"image\" title=\"Seraina_01_Wohnzimmer\" onerror=\"this.style.display='none'\">\n\t<p>Very spacious living room with couch corner and TV with Swisscom Blue TV.<\/p>\n\t\t<h3>Schlaf\u00ad\u00adzimmer&nbsp;1<\/h3>\t\t\n\t\t\t\t<img decoding=\"async\" src=\"https:\/\/izemifif.myhostpoint.ch\/campell\/wp-content\/uploads\/2020\/09\/Seraina_02_Schlafzimmer_01-scaled.jpg\" alt=\"Seraina_02_Schlafzimmer_01\" itemprop=\"image\" title=\"Seraina_02_Schlafzimmer_01\" onerror=\"this.style.display='none'\">\n\t<p>Bedroom in pine wood with large built-in wardrobe, bed with single mattresses.<\/p>\n\t\t<h3>Schlaf\u00ad\u00adzimmer&nbsp;2<\/h3>\t\t\n\t\t\t\t<img decoding=\"async\" src=\"https:\/\/izemifif.myhostpoint.ch\/campell\/wp-content\/uploads\/2020\/09\/Seraina_03_Schlafzimmer_02-scaled.jpg\" alt=\"Seraina_03_Schlafzimmer_02\" itemprop=\"image\" title=\"Seraina_03_Schlafzimmer_02\" onerror=\"this.style.display='none'\">\n\t<p>Bedroom with double bed, bed with single mattresses.<\/p>\n\t\t<h3>Schlaf\u00ad\u00adzimmer&nbsp;3<\/h3>\t\t\n\t\t\t\t<img decoding=\"async\" src=\"https:\/\/izemifif.myhostpoint.ch\/campell\/wp-content\/uploads\/2020\/09\/Seraina_04_Schlafzimmer_03-scaled.jpg\" alt=\"Seraina_04_Schlafzimmer_03\" itemprop=\"image\" title=\"Seraina_04_Schlafzimmer_03\" onerror=\"this.style.display='none'\">\n\t<p>Bedroom with two single beds, wardrobe and dresser.<\/p>\n\t\t<h3>Extra bed<\/h3>\t\t\n\t\t\t\t<img decoding=\"async\" src=\"https:\/\/izemifif.myhostpoint.ch\/campell\/wp-content\/uploads\/2020\/09\/Seraina_05_Zusatzbett-scaled.jpg\" alt=\"Seraina_05_Zusatzbett\" itemprop=\"image\" title=\"Seraina_05_Zusatzbett\" onerror=\"this.style.display='none'\">\n\t<p>Sleeping coach as an extra bed for 2 people in the hallway.<\/p>\n\t\t<h3>Kitchen with table<\/h3>\t\t\n\t\t\t\t<img decoding=\"async\" src=\"https:\/\/izemifif.myhostpoint.ch\/campell\/wp-content\/uploads\/2020\/09\/Seraina_06_Kueche-scaled.jpg\" alt=\"Seraina_06_Kueche\" itemprop=\"image\" title=\"Seraina_06_Kueche\" onerror=\"this.style.display='none'\">\n\t<p>Large kitchen with fridge and freezer, microwave, oven and refrigerator.<\/p>\n\t\t<h3>K\u00fcchen\u00ad\u00adeinrichtung<\/h3>\t\t\n\t\t\t\t<img loading=\"lazy\" decoding=\"async\" src=\"https:\/\/chesa-campell-pontresina.ch\/wp-content\/uploads\/2021\/01\/Seraina_07_Kueche_2.jpg\" alt=\"Seraina_07_Kueche_2\" itemprop=\"image\" height=\"1391\" width=\"2016\" title=\"Seraina_07_Kueche_2\" onerror=\"this.style.display='none'\">\n\t<p>Espresso machine, raclette oven, fondue, toaster, kettle and much more.<\/p>\n\t\t<h3>Bathroom with tub<\/h3>\t\t\n\t\t\t\t<img decoding=\"async\" src=\"https:\/\/izemifif.myhostpoint.ch\/campell\/wp-content\/uploads\/2020\/09\/Seraina_08_Bad-scaled.jpg\" alt=\"Seraina_08_Bad\" itemprop=\"image\" title=\"Seraina_08_Bad\" onerror=\"this.style.display='none'\">\n\t<p>Bathtub with shower, WC, washbasin, hairdryer.<\/p>\n\t\t<h3>Bathroom with shower<\/h3>\t\t\n\t\t\t\t<img decoding=\"async\" src=\"https:\/\/izemifif.myhostpoint.ch\/campell\/wp-content\/uploads\/2020\/09\/Seraina_09_Dusche-scaled.jpg\" alt=\"Seraina_09_Dusche\" itemprop=\"image\" title=\"Seraina_09_Dusche\" onerror=\"this.style.display='none'\">\n\t<p>WC, shower, washbasin, washing machine and tumbler.<\/p>\n\t\t<h3>Balcony\/pergola<\/h3>\t\t\n\t\t\t\t<img decoding=\"async\" src=\"https:\/\/izemifif.myhostpoint.ch\/campell\/wp-content\/uploads\/2020\/09\/Seraina_10_Balkon-scaled.jpg\" alt=\"Seraina_10_Balkon\" itemprop=\"image\" title=\"Seraina_10_Balkon\" onerror=\"this.style.display='none'\">\n\t<p>North balcony for shared use with view of the Schafberg.<\/p>\n\t\t<h3>Plenty of space<\/h3>\t\t\n\t\t\t\t<img decoding=\"async\" src=\"https:\/\/izemifif.myhostpoint.ch\/campell\/wp-content\/uploads\/2020\/09\/Seraina_11_Stauraum-scaled.jpg\" alt=\"Seraina_11_Stauraum\" itemprop=\"image\" title=\"Seraina_11_Stauraum\" onerror=\"this.style.display='none'\">\n\t<p>Lots of storage space and shelves throughout the apartment.<\/p>\n\t\t<h3>Storeroom<\/h3>\t\t\n\t\t\t\t<img decoding=\"async\" src=\"https:\/\/izemifif.myhostpoint.ch\/campell\/wp-content\/uploads\/2020\/09\/Seraina_12_Keller-scaled.jpg\" alt=\"Seraina_12_Keller\" itemprop=\"image\" title=\"Seraina_12_Keller\" onerror=\"this.style.display='none'\">\n\t<p>Spacious ski and storage room with plenty of space in the cellar.<\/p>\n\t\t<h2>Apartment Seraina<\/h2>\n\t\t<p>This is where your dream holiday in the Engadine begins.<\/p>\n\t\t\t<a href=\"https:\/\/www.e-domizil.ch\/ferienwohnung\/2673924\/chesa-campell\/\" target=\"_self\" role=\"button\" rel=\"noopener noreferrer\">\n\t\t\t\t\t\t\tBook directly\n\t\t\t\t\t<\/a>","protected":false},"excerpt":{"rendered":"<p>Bis zu 8 Personen Wohnung Seraina Wohnung Seraina Wundersch\u00f6ne Erstklass-Wohnung in einem historischen Engadiner Patrizierhaus im alten Dorfteil Laret. Snow-Deal im Winter Skip\u00e4sse f\u00fcr die Oberengadiner Bergbahnen mit dem dynamischen Preismodell \u00abSnow-deal\u00bb sind jetzt schon f\u00fcr den Winter mit bis zu 30% Rabatt buchbar, Skipass kaufen \u00fcber das Internet unter \u00abSnow-Deal\u00bb. Helle grossz\u00fcgige komplett renovierte&hellip;<\/p>","protected":false},"author":1,"featured_media":0,"parent":0,"menu_order":0,"comment_status":"closed","ping_status":"closed","template":"","meta":{"footnotes":""},"class_list":["post-118","page","type-page","status-publish","hentry"],"_links":{"self":[{"href":"https:\/\/chesa-campell-pontresina.ch\/en\/wp-json\/wp\/v2\/pages\/118","targetHints":{"allow":["GET"]}}],"collection":[{"href":"https:\/\/chesa-campell-pontresina.ch\/en\/wp-json\/wp\/v2\/pages"}],"about":[{"href":"https:\/\/chesa-campell-pontresina.ch\/en\/wp-json\/wp\/v2\/types\/page"}],"author":[{"embeddable":true,"href":"https:\/\/chesa-campell-pontresina.ch\/en\/wp-json\/wp\/v2\/users\/1"}],"replies":[{"embeddable":true,"href":"https:\/\/chesa-campell-pontresina.ch\/en\/wp-json\/wp\/v2\/comments?post=118"}],"version-history":[{"count":99,"href":"https:\/\/chesa-campell-pontresina.ch\/en\/wp-json\/wp\/v2\/pages\/118\/revisions"}],"predecessor-version":[{"id":596,"href":"https:\/\/chesa-campell-pontresina.ch\/en\/wp-json\/wp\/v2\/pages\/118\/revisions\/596"}],"wp:attachment":[{"href":"https:\/\/chesa-campell-pontresina.ch\/en\/wp-json\/wp\/v2\/media?parent=118"}],"curies":[{"name":"wp","href":"https:\/\/api.w.org\/{rel}","templated":true}]}}