{"id":417,"date":"2020-10-01T17:19:01","date_gmt":"2020-10-01T17:19:01","guid":{"rendered":"https:\/\/izemifif.myhostpoint.ch\/campell\/?page_id=417"},"modified":"2021-01-31T17:21:14","modified_gmt":"2021-01-31T17:21:14","slug":"dachwohnung-fadri-2","status":"publish","type":"page","link":"https:\/\/chesa-campell-pontresina.ch\/en\/dachwohnung-fadri-2\/","title":{"rendered":"Penthouse Fadri"},"content":{"rendered":"<h2><a href=\"https:\/\/beaveragency.demos.wpbeaverbuilder.com\/project-page\/\">Up to 8 people<\/a><br \/>\n<a href=\"https:\/\/beaveragency.demos.wpbeaverbuilder.com\/project-page\/\">Penthouse Fadri<\/a><\/h2>\n<h3>\n\t\tMagnificent 5-room first-class apartment in a historic Engadine patrician house in the old village district of Laret.\n\t<\/h3>\n<h3>\n\t\t<b>Snow-Deal in Winter<\/b> Ski passes for the Upper Engadine cable cars with the dynamic price model <a href=\"https:\/\/www.engadin.ch\/de\/snow-deal\/\">\"Snow-Deal\" <\/a> can now be booked for the winter with up to 30% discount, buy a ski pass via the Internet at <a href=\"https:\/\/www.engadin.ch\/de\/snow-deal\/\">\u00abSnow-Deal\u00bb.<\/a>\n\t<\/h3>\n\tHelle grossz\u00fcgige renovierte 5-Zimmerwohnung f\u00fcr 6\u00a0bis 8\u00a0Personen im Dachgeschoss (165 m2) in einem historischen Engadiner Patrizierhaus im alten Dorfteil Laret mit besonderem Flair, eine Dachterrasse s\u00fcd\/west mit Blick zum Rosegtal und eine Dachterrasse nord\/ost mit Blick zum Schafberg\/Segantinih\u00fctte, komfortable zum grossen Teil neue Einrichtung. 3\u00a0Schlafzimmer, grosse Wohndiele und Wohnzimmer mit TV und grosse Wohnk\u00fcche mit Geschirrsp\u00fcler, Mikrowelle, K\u00fchl-und Gefrierschrank jeweils mit direktem Zugang zur Dachterasse. 1\u00a0Bad\/WC, 1\u00a0Dusche\/WC mit Waschmaschine und W\u00e4schetrockner und Abstellkammer. WLAN in allen R\u00e4umen, Kinderausstattung mit Spielecke, Bibliothek mit Spielen, ein Aussenparkplatz, Tiefgaragenplatz in der nahen Umgebung zubuchbar, Kellerraum f\u00fcr Skier und Fahrr\u00e4der auch mit direktem Zugang zur Strasse, Bushaltestelle vom Skibus in direkter Umgebung, Einkaufsm\u00f6glichkeiten, Tourismusb\u00fcro sowie Hallen- und Freibad in wenigen Gehminuten erreichbar.<br \/>\nThe landlord lives in the Chesa Campell and runs a general internal medicine practice in the same house.\n<h1>\n\t\tOur offer\n\t<\/h1>\n\t<p>The rental price includes all additional costs such as water, heating, electricity as well as bed linen and towels. There is also a fast internet network with Swisscom Blue TV and free parking in front of the house.<\/p>\n\t\t<h3>Living room<\/h3>\t\t\n\t\t\t\t<img decoding=\"async\" src=\"https:\/\/izemifif.myhostpoint.ch\/campell\/wp-content\/uploads\/2020\/10\/Fadri_01_Wohnzimmer-scaled.jpg\" alt=\"Fadri_01_Wohnzimmer\" itemprop=\"image\" title=\"Fadri_01_Wohnzimmer\" onerror=\"this.style.display='none'\"  \/>\n\t<p>Seating area with two sofas, Swisscom TV, direct access to the large roof terrace (33 m2).<\/p>\n\t\t<h3>Bedroom 1<\/h3>\t\t\n\t\t\t\t<img decoding=\"async\" src=\"https:\/\/izemifif.myhostpoint.ch\/campell\/wp-content\/uploads\/2020\/10\/Fadri_02_Schlafzimmer_1-scaled.jpg\" alt=\"Fadri_02_Schlafzimmer_1\" itemprop=\"image\" title=\"Fadri_02_Schlafzimmer_1\" onerror=\"this.style.display='none'\"  \/>\n\t<p>Bedroom in pine wood with large built-in wardrobe, bed with single mattresses.<\/p>\n\t\t<h3>Bedroom 2<\/h3>\t\t\n\t\t\t\t<img decoding=\"async\" src=\"https:\/\/izemifif.myhostpoint.ch\/campell\/wp-content\/uploads\/2020\/10\/Fadri_04_Schlafzimmer_3-scaled.jpg\" alt=\"Fadri_04_Schlafzimmer_3\" itemprop=\"image\" title=\"Fadri_04_Schlafzimmer_3\" onerror=\"this.style.display='none'\"  \/>\n\t<p>Bedroom with bunk bed and additional sleeping coach.<\/p>\n\t\t<h3>Bedroom 3<\/h3>\t\t\n\t\t\t\t<img decoding=\"async\" src=\"https:\/\/izemifif.myhostpoint.ch\/campell\/wp-content\/uploads\/2020\/10\/Fadri_03_Schlafzimmer_2-scaled.jpg\" alt=\"Fadri_03_Schlafzimmer_2\" itemprop=\"image\" title=\"Fadri_03_Schlafzimmer_2\" onerror=\"this.style.display='none'\"  \/>\n\t<p>Bedroom with two single beds, wardrobe and dresser.<\/p>\n\t\t<h3>Kitchen<\/h3>\t\t\n\t\t\t\t<img decoding=\"async\" src=\"https:\/\/izemifif.myhostpoint.ch\/campell\/wp-content\/uploads\/2020\/10\/Fadri_05_Kueche_01-scaled.jpg\" alt=\"Fadri_05_Kueche_01\" itemprop=\"image\" title=\"Fadri_05_Kueche_01\" onerror=\"this.style.display='none'\"  \/>\n\t<p>Well equipped kitchen with microwave, espresso machine, toaster, kettle etc.<\/p>\n\t\t<h3>Dining room<\/h3>\t\t\n\t\t\t\t<img decoding=\"async\" src=\"https:\/\/izemifif.myhostpoint.ch\/campell\/wp-content\/uploads\/2020\/10\/Fadri_06_Esszimmer-scaled.jpg\" alt=\"Fadri_06_Esszimmer\" itemprop=\"image\" title=\"Fadri_06_Esszimmer\" onerror=\"this.style.display='none'\"  \/>\n\t<p>The large dining table is in the living room and can accommodate up to 10 people.<\/p>\n\t\t<h3>Bathroom with tub<\/h3>\t\t\n\t\t\t\t<img decoding=\"async\" src=\"https:\/\/izemifif.myhostpoint.ch\/campell\/wp-content\/uploads\/2020\/10\/Fadri_07_Bad-mit-WC-scaled.jpg\" alt=\"Fadri_07_Bad-mit-WC\" itemprop=\"image\" title=\"Fadri_07_Bad-mit-WC\" onerror=\"this.style.display='none'\"  \/>\n\t<p>Bathtub with shower, WC, washbasin, hairdryer.<\/p>\n\t\t<h3>Bathroom with shower<\/h3>\t\t\n\t\t\t\t<img decoding=\"async\" src=\"https:\/\/izemifif.myhostpoint.ch\/campell\/wp-content\/uploads\/2020\/10\/Fadri_08_Dusche-mit-WC-scaled.jpg\" alt=\"Fadri_08_Dusche-mit-WC\" itemprop=\"image\" title=\"Fadri_08_Dusche-mit-WC\" onerror=\"this.style.display='none'\"  \/>\n\t<p>WC, sink, shower, washing machine and tumbler.<\/p>\n\t\t<h3>Terrace 1<\/h3>\t\t\n\t\t\t\t<img decoding=\"async\" src=\"https:\/\/izemifif.myhostpoint.ch\/campell\/wp-content\/uploads\/2020\/10\/Fadri_09_Dachterrasse_1-scaled.jpg\" alt=\"Fadri_09_Dachterrasse_1\" itemprop=\"image\" title=\"Fadri_09_Dachterrasse_1\" onerror=\"this.style.display='none'\"  \/>\n\t<p>Rooftop terrace south\/west with a view of the Val Roseg.<\/p>\n\t\t<h3>Terrace 2<\/h3>\t\t\n\t\t\t\t<img decoding=\"async\" src=\"https:\/\/izemifif.myhostpoint.ch\/campell\/wp-content\/uploads\/2020\/10\/Fadri_10_Dachterrasse_2-scaled.jpg\" alt=\"Fadri_10_Dachterrasse_2\" itemprop=\"image\" title=\"Fadri_10_Dachterrasse_2\" onerror=\"this.style.display='none'\"  \/>\n\t<p>Roof terrace north\/east with view to the Schafberg\/Segantinih\u00fctte.<\/p>\n\t\t<h3>Plenty of space<\/h3>\t\t\n\t\t\t\t<img decoding=\"async\" src=\"https:\/\/izemifif.myhostpoint.ch\/campell\/wp-content\/uploads\/2020\/10\/Fadri_11_Stauraum-scaled.jpg\" alt=\"Fadri_11_Stauraum\" itemprop=\"image\" title=\"Fadri_11_Stauraum\" onerror=\"this.style.display='none'\"  \/>\n\t<p>A lot of storage space at the staircase and throughout the apartment.<\/p>\n\t\t<h3>nostalgischer Skikeller<\/h3>\t\t\n\t\t\t\t<img decoding=\"async\" src=\"https:\/\/izemifif.myhostpoint.ch\/campell\/wp-content\/uploads\/2020\/09\/Seraina_12_Keller-scaled.jpg\" alt=\"Seraina_12_Keller\" itemprop=\"image\" title=\"Seraina_12_Keller\" onerror=\"this.style.display='none'\"  \/>\n\t<p>Spacious ski and storage room with plenty of space in the cellar.<\/p>\n\t\t<h2>Apartment Fadri<\/h2>\n\t\t<p>This is where your dream holiday in the Engadine begins.<\/p>\n\t\t\t<a href=\"https:\/\/www.e-domizil.ch\/ferienwohnung\/2791473\/chesa-campell-fadri\/\" target=\"_self\" role=\"button\" rel=\"noopener\">\n\t\t\t\t\t\t\tBook directly\n\t\t\t\t\t<\/a>","protected":false},"excerpt":{"rendered":"<p>Bis zu 8 Personen Dachwohnung Fadri Herrliche 5-Zimmer-Erstklass-Wohnung in einem historischen Engadiner Patrizierhaus im alten Dorfteil Laret. Snow-Deal im Winter Skip\u00e4sse f\u00fcr die Oberengadiner Bergbahnen mit dem dynamischen Preismodell \u00abSnow-deal\u00bb sind jetzt schon f\u00fcr den Winter mit bis zu 30% Rabatt buchbar, Skipass kaufen \u00fcber das Internet unter \u00abSnow-Deal\u00bb. Helle grossz\u00fcgige renovierte 5-Zimmerwohnung f\u00fcr 6\u00a0bis&hellip;<\/p>","protected":false},"author":1,"featured_media":0,"parent":0,"menu_order":0,"comment_status":"closed","ping_status":"closed","template":"","meta":{"footnotes":""},"class_list":["post-417","page","type-page","status-publish","hentry"],"_links":{"self":[{"href":"https:\/\/chesa-campell-pontresina.ch\/en\/wp-json\/wp\/v2\/pages\/417","targetHints":{"allow":["GET"]}}],"collection":[{"href":"https:\/\/chesa-campell-pontresina.ch\/en\/wp-json\/wp\/v2\/pages"}],"about":[{"href":"https:\/\/chesa-campell-pontresina.ch\/en\/wp-json\/wp\/v2\/types\/page"}],"author":[{"embeddable":true,"href":"https:\/\/chesa-campell-pontresina.ch\/en\/wp-json\/wp\/v2\/users\/1"}],"replies":[{"embeddable":true,"href":"https:\/\/chesa-campell-pontresina.ch\/en\/wp-json\/wp\/v2\/comments?post=417"}],"version-history":[{"count":30,"href":"https:\/\/chesa-campell-pontresina.ch\/en\/wp-json\/wp\/v2\/pages\/417\/revisions"}],"predecessor-version":[{"id":598,"href":"https:\/\/chesa-campell-pontresina.ch\/en\/wp-json\/wp\/v2\/pages\/417\/revisions\/598"}],"wp:attachment":[{"href":"https:\/\/chesa-campell-pontresina.ch\/en\/wp-json\/wp\/v2\/media?parent=417"}],"curies":[{"name":"wp","href":"https:\/\/api.w.org\/{rel}","templated":true}]}}